{"id":34272,"date":"2024-07-28T22:34:54","date_gmt":"2024-07-28T20:34:54","guid":{"rendered":"https:\/\/ndsit.pl\/borekkids.ndsit.pl\/?post_type=product&#038;p=34272"},"modified":"2024-07-28T22:34:54","modified_gmt":"2024-07-28T20:34:54","slug":"zestaw-prazkowany-dla-dziewczynki","status":"publish","type":"product","link":"https:\/\/ndsit.pl\/borekkids.ndsit.pl\/product\/zestaw-prazkowany-dla-dziewczynki\/","title":{"rendered":"Zestaw pr\u0105\u017ckowany dla dziewczynki"},"content":{"rendered":"<div dir=\"auto\">Zestaw dla dziewczynki <span class=\"html-span xexx8yu x4uap5 x18d9i69 xkhd6sd x1hl2dhg x16tdsg8 x1vvkbs x3nfvp2 x1j61x8r x1fcty0u xdj266r xat24cr xgzva0m xhhsvwb xxymvpz xlup9mm x1kky2od\"><img loading=\"lazy\" decoding=\"async\" class=\"xz74otr\" src=\"https:\/\/static.xx.fbcdn.net\/images\/emoji.php\/v9\/tf7\/2\/16\/1f929.png\" alt=\"\ud83e\udd29\" width=\"16\" height=\"16\" \/><\/span><\/div>\n<div dir=\"auto\">Body pr\u0105\u017ckowane z falbana ( falbana z przodu i z ty\u0142u ) + legginsy z falbank\u0105 na pupie<\/div>\n","protected":false},"excerpt":{"rendered":"<p>Zestaw dla dziewczynki Body pr\u0105\u017ckowane z falbana ( falbana z przodu i z ty\u0142u ) + legginsy z falbank\u0105 na pupie<\/p>\n","protected":false},"featured_media":34252,"template":"","meta":[],"product_cat":[88],"product_tag":[],"class_list":{"0":"post-34272","1":"product","2":"type-product","3":"status-publish","4":"has-post-thumbnail","6":"product_cat-ubranka-niemowlece-dz","7":"pa_size-65","8":"pa_size-large","10":"first","11":"instock","12":"shipping-taxable","13":"purchasable","14":"product-type-variable"},"_links":{"self":[{"href":"https:\/\/ndsit.pl\/borekkids.ndsit.pl\/wp-json\/wp\/v2\/product\/34272","targetHints":{"allow":["GET"]}}],"collection":[{"href":"https:\/\/ndsit.pl\/borekkids.ndsit.pl\/wp-json\/wp\/v2\/product"}],"about":[{"href":"https:\/\/ndsit.pl\/borekkids.ndsit.pl\/wp-json\/wp\/v2\/types\/product"}],"wp:featuredmedia":[{"embeddable":true,"href":"https:\/\/ndsit.pl\/borekkids.ndsit.pl\/wp-json\/wp\/v2\/media\/34252"}],"wp:attachment":[{"href":"https:\/\/ndsit.pl\/borekkids.ndsit.pl\/wp-json\/wp\/v2\/media?parent=34272"}],"wp:term":[{"taxonomy":"product_cat","embeddable":true,"href":"https:\/\/ndsit.pl\/borekkids.ndsit.pl\/wp-json\/wp\/v2\/product_cat?post=34272"},{"taxonomy":"product_tag","embeddable":true,"href":"https:\/\/ndsit.pl\/borekkids.ndsit.pl\/wp-json\/wp\/v2\/product_tag?post=34272"}],"curies":[{"name":"wp","href":"https:\/\/api.w.org\/{rel}","templated":true}]}}