{"id":34158,"date":"2024-07-28T21:05:51","date_gmt":"2024-07-28T19:05:51","guid":{"rendered":"https:\/\/ndsit.pl\/borekkids.ndsit.pl\/?post_type=product&#038;p=34158"},"modified":"2024-10-13T18:09:46","modified_gmt":"2024-10-13T16:09:46","slug":"bluzka-ze-swinka-peppa-kolarki","status":"publish","type":"product","link":"https:\/\/ndsit.pl\/borekkids.ndsit.pl\/product\/bluzka-ze-swinka-peppa-kolarki\/","title":{"rendered":"Bluzka ze \u015awink\u0105 Pepp\u0105 + kolarki"},"content":{"rendered":"<div dir=\"auto\">Bluzka ze \u015awink\u0105 Pepp\u0105 + kolarki <span class=\"html-span xexx8yu x4uap5 x18d9i69 xkhd6sd x1hl2dhg x16tdsg8 x1vvkbs x3nfvp2 x1j61x8r x1fcty0u xdj266r xat24cr xgzva0m xhhsvwb xxymvpz xlup9mm x1kky2od\"><img loading=\"lazy\" decoding=\"async\" class=\"xz74otr\" src=\"https:\/\/static.xx.fbcdn.net\/images\/emoji.php\/v9\/tf7\/2\/16\/1f929.png\" alt=\"\ud83e\udd29\" width=\"16\" height=\"16\" \/><\/span><span class=\"html-span xexx8yu x4uap5 x18d9i69 xkhd6sd x1hl2dhg x16tdsg8 x1vvkbs x3nfvp2 x1j61x8r x1fcty0u xdj266r xat24cr xgzva0m xhhsvwb xxymvpz xlup9mm x1kky2od\"><img loading=\"lazy\" decoding=\"async\" class=\"xz74otr\" src=\"https:\/\/static.xx.fbcdn.net\/images\/emoji.php\/v9\/tf7\/2\/16\/1f929.png\" alt=\"\ud83e\udd29\" width=\"16\" height=\"16\" \/><\/span><span class=\"html-span xexx8yu x4uap5 x18d9i69 xkhd6sd x1hl2dhg x16tdsg8 x1vvkbs x3nfvp2 x1j61x8r x1fcty0u xdj266r xat24cr xgzva0m xhhsvwb xxymvpz xlup9mm x1kky2od\"><img loading=\"lazy\" decoding=\"async\" class=\"xz74otr\" src=\"https:\/\/static.xx.fbcdn.net\/images\/emoji.php\/v9\/tf7\/2\/16\/1f929.png\" alt=\"\ud83e\udd29\" width=\"16\" height=\"16\" \/><\/span><\/div>\n<div dir=\"auto\">Mega jako\u015b\u0107 bawe\u0142ny !<\/div>\n<div dir=\"auto\">Prz\u00f3d i ty\u0142 koszulki na zdj\u0119ciu<\/div>\n<div dir=\"auto\">Kolor fuksja<\/div>\n","protected":false},"excerpt":{"rendered":"<p>Bluzka ze \u015awink\u0105 Pepp\u0105 + kolarki Mega jako\u015b\u0107 bawe\u0142ny ! Prz\u00f3d i ty\u0142 koszulki na zdj\u0119ciu Kolor fuksja<\/p>\n","protected":false},"featured_media":34159,"template":"","meta":[],"product_cat":[84],"product_tag":[],"class_list":{"0":"post-34158","1":"product","2":"type-product","3":"status-publish","4":"has-post-thumbnail","6":"product_cat-komplety","7":"pa_size-105","8":"pa_size-106","9":"pa_size-113","11":"first","12":"instock","13":"shipping-taxable","14":"purchasable","15":"product-type-variable"},"_links":{"self":[{"href":"https:\/\/ndsit.pl\/borekkids.ndsit.pl\/wp-json\/wp\/v2\/product\/34158","targetHints":{"allow":["GET"]}}],"collection":[{"href":"https:\/\/ndsit.pl\/borekkids.ndsit.pl\/wp-json\/wp\/v2\/product"}],"about":[{"href":"https:\/\/ndsit.pl\/borekkids.ndsit.pl\/wp-json\/wp\/v2\/types\/product"}],"wp:featuredmedia":[{"embeddable":true,"href":"https:\/\/ndsit.pl\/borekkids.ndsit.pl\/wp-json\/wp\/v2\/media\/34159"}],"wp:attachment":[{"href":"https:\/\/ndsit.pl\/borekkids.ndsit.pl\/wp-json\/wp\/v2\/media?parent=34158"}],"wp:term":[{"taxonomy":"product_cat","embeddable":true,"href":"https:\/\/ndsit.pl\/borekkids.ndsit.pl\/wp-json\/wp\/v2\/product_cat?post=34158"},{"taxonomy":"product_tag","embeddable":true,"href":"https:\/\/ndsit.pl\/borekkids.ndsit.pl\/wp-json\/wp\/v2\/product_tag?post=34158"}],"curies":[{"name":"wp","href":"https:\/\/api.w.org\/{rel}","templated":true}]}}