{"id":34123,"date":"2024-07-28T20:15:13","date_gmt":"2024-07-28T18:15:13","guid":{"rendered":"https:\/\/ndsit.pl\/borekkids.ndsit.pl\/?post_type=product&#038;p=34123"},"modified":"2024-09-08T19:28:53","modified_gmt":"2024-09-08T17:28:53","slug":"bluzka-z-dlugim-rekawem-minecraft","status":"publish","type":"product","link":"https:\/\/ndsit.pl\/borekkids.ndsit.pl\/product\/bluzka-z-dlugim-rekawem-minecraft\/","title":{"rendered":"Bluzka z d\u0142ugim r\u0119kawem Minecraft"},"content":{"rendered":"<div dir=\"auto\">Bluzka z d\u0142ugim r\u0119kawem Minecraft<\/div>\n<div dir=\"auto\">95% bawe\u0142na, 5% elastan<\/div>\n<div dir=\"auto\">\u015awietny gatunek<\/div>\n","protected":false},"excerpt":{"rendered":"<p>Bluzka z d\u0142ugim r\u0119kawem Minecraft 95% bawe\u0142na, 5% elastan \u015awietny gatunek<\/p>\n","protected":false},"featured_media":34124,"template":"","meta":[],"product_cat":[49],"product_tag":[],"class_list":{"0":"post-34123","1":"product","2":"type-product","3":"status-publish","4":"has-post-thumbnail","6":"product_cat-bluzki-koszule","7":"pa_size-104-110","8":"pa_size-110-116","9":"pa_size-92-98","10":"pa_size-98-104","12":"first","13":"instock","14":"shipping-taxable","15":"purchasable","16":"product-type-variable"},"_links":{"self":[{"href":"https:\/\/ndsit.pl\/borekkids.ndsit.pl\/wp-json\/wp\/v2\/product\/34123","targetHints":{"allow":["GET"]}}],"collection":[{"href":"https:\/\/ndsit.pl\/borekkids.ndsit.pl\/wp-json\/wp\/v2\/product"}],"about":[{"href":"https:\/\/ndsit.pl\/borekkids.ndsit.pl\/wp-json\/wp\/v2\/types\/product"}],"wp:featuredmedia":[{"embeddable":true,"href":"https:\/\/ndsit.pl\/borekkids.ndsit.pl\/wp-json\/wp\/v2\/media\/34124"}],"wp:attachment":[{"href":"https:\/\/ndsit.pl\/borekkids.ndsit.pl\/wp-json\/wp\/v2\/media?parent=34123"}],"wp:term":[{"taxonomy":"product_cat","embeddable":true,"href":"https:\/\/ndsit.pl\/borekkids.ndsit.pl\/wp-json\/wp\/v2\/product_cat?post=34123"},{"taxonomy":"product_tag","embeddable":true,"href":"https:\/\/ndsit.pl\/borekkids.ndsit.pl\/wp-json\/wp\/v2\/product_tag?post=34123"}],"curies":[{"name":"wp","href":"https:\/\/api.w.org\/{rel}","templated":true}]}}