{"id":34055,"date":"2024-07-16T18:21:20","date_gmt":"2024-07-16T16:21:20","guid":{"rendered":"https:\/\/ndsit.pl\/borekkids.ndsit.pl\/?post_type=product&#038;p=34055"},"modified":"2024-09-08T15:49:29","modified_gmt":"2024-09-08T13:49:29","slug":"pizamka-chlopieca-lego-2","status":"publish","type":"product","link":"https:\/\/ndsit.pl\/borekkids.ndsit.pl\/product\/pizamka-chlopieca-lego-2\/","title":{"rendered":"Pi\u017camka ch\u0142opi\u0119ca Lego"},"content":{"rendered":"<div dir=\"auto\">Pi\u017camka ch\u0142opi\u0119ca Lego<\/div>\n<div dir=\"auto\">Bawe\u0142na 100%<\/div>\n","protected":false},"excerpt":{"rendered":"<p>Pi\u017camka ch\u0142opi\u0119ca Lego Bawe\u0142na 100%<\/p>\n","protected":false},"featured_media":33948,"template":"","meta":[],"product_cat":[82],"product_tag":[],"class_list":{"0":"post-34055","1":"product","2":"type-product","3":"status-publish","4":"has-post-thumbnail","6":"product_cat-pizamy-chl","7":"pa_size-104","8":"pa_size-105","9":"pa_size-106","11":"first","12":"instock","13":"shipping-taxable","14":"purchasable","15":"product-type-variable"},"_links":{"self":[{"href":"https:\/\/ndsit.pl\/borekkids.ndsit.pl\/wp-json\/wp\/v2\/product\/34055","targetHints":{"allow":["GET"]}}],"collection":[{"href":"https:\/\/ndsit.pl\/borekkids.ndsit.pl\/wp-json\/wp\/v2\/product"}],"about":[{"href":"https:\/\/ndsit.pl\/borekkids.ndsit.pl\/wp-json\/wp\/v2\/types\/product"}],"wp:featuredmedia":[{"embeddable":true,"href":"https:\/\/ndsit.pl\/borekkids.ndsit.pl\/wp-json\/wp\/v2\/media\/33948"}],"wp:attachment":[{"href":"https:\/\/ndsit.pl\/borekkids.ndsit.pl\/wp-json\/wp\/v2\/media?parent=34055"}],"wp:term":[{"taxonomy":"product_cat","embeddable":true,"href":"https:\/\/ndsit.pl\/borekkids.ndsit.pl\/wp-json\/wp\/v2\/product_cat?post=34055"},{"taxonomy":"product_tag","embeddable":true,"href":"https:\/\/ndsit.pl\/borekkids.ndsit.pl\/wp-json\/wp\/v2\/product_tag?post=34055"}],"curies":[{"name":"wp","href":"https:\/\/api.w.org\/{rel}","templated":true}]}}