{"id":34042,"date":"2024-07-16T18:14:59","date_gmt":"2024-07-16T16:14:59","guid":{"rendered":"https:\/\/ndsit.pl\/borekkids.ndsit.pl\/?post_type=product&#038;p=34042"},"modified":"2024-07-16T18:15:00","modified_gmt":"2024-07-16T16:15:00","slug":"bluzeczka-z-falbanka-legginsy-3-4","status":"publish","type":"product","link":"https:\/\/ndsit.pl\/borekkids.ndsit.pl\/product\/bluzeczka-z-falbanka-legginsy-3-4\/","title":{"rendered":"Bluzeczka z falbank\u0105 + legginsy 3\/4"},"content":{"rendered":"<div dir=\"auto\">Zestaw dla dziewczynki: bluzeczka z falbank\u0105 + legginsy 3\/4<\/div>\n<div dir=\"auto\">Bawe\u0142na 100%<\/div>\n<div dir=\"auto\">Kolor pudrowy r\u00f3\u017c i ciemny r\u00f3\u017c<\/div>\n","protected":false},"excerpt":{"rendered":"<p>Zestaw dla dziewczynki: bluzeczka z falbank\u0105 + legginsy 3\/4 Bawe\u0142na 100% Kolor pudrowy r\u00f3\u017c i ciemny r\u00f3\u017c<\/p>\n","protected":false},"featured_media":33950,"template":"","meta":[],"product_cat":[88],"product_tag":[],"class_list":{"0":"post-34042","1":"product","2":"type-product","3":"status-publish","4":"has-post-thumbnail","6":"product_cat-ubranka-niemowlece-dz","7":"pa_size-63","8":"pa_size-65","9":"pa_size-66","10":"pa_size-102","12":"first","13":"instock","14":"shipping-taxable","15":"purchasable","16":"product-type-variable"},"_links":{"self":[{"href":"https:\/\/ndsit.pl\/borekkids.ndsit.pl\/wp-json\/wp\/v2\/product\/34042","targetHints":{"allow":["GET"]}}],"collection":[{"href":"https:\/\/ndsit.pl\/borekkids.ndsit.pl\/wp-json\/wp\/v2\/product"}],"about":[{"href":"https:\/\/ndsit.pl\/borekkids.ndsit.pl\/wp-json\/wp\/v2\/types\/product"}],"wp:featuredmedia":[{"embeddable":true,"href":"https:\/\/ndsit.pl\/borekkids.ndsit.pl\/wp-json\/wp\/v2\/media\/33950"}],"wp:attachment":[{"href":"https:\/\/ndsit.pl\/borekkids.ndsit.pl\/wp-json\/wp\/v2\/media?parent=34042"}],"wp:term":[{"taxonomy":"product_cat","embeddable":true,"href":"https:\/\/ndsit.pl\/borekkids.ndsit.pl\/wp-json\/wp\/v2\/product_cat?post=34042"},{"taxonomy":"product_tag","embeddable":true,"href":"https:\/\/ndsit.pl\/borekkids.ndsit.pl\/wp-json\/wp\/v2\/product_tag?post=34042"}],"curies":[{"name":"wp","href":"https:\/\/api.w.org\/{rel}","templated":true}]}}