{"id":33844,"date":"2024-07-16T12:29:07","date_gmt":"2024-07-16T10:29:07","guid":{"rendered":"https:\/\/ndsit.pl\/borekkids.ndsit.pl\/?post_type=product&#038;p=33844"},"modified":"2024-10-16T09:31:27","modified_gmt":"2024-10-16T07:31:27","slug":"bluzeczka-z-dlugim-rekawem-blue-i-bingo","status":"publish","type":"product","link":"https:\/\/ndsit.pl\/borekkids.ndsit.pl\/product\/bluzeczka-z-dlugim-rekawem-blue-i-bingo\/","title":{"rendered":"Bluzeczka z d\u0142ugim r\u0119kawem Bluey i Bingo"},"content":{"rendered":"<div dir=\"auto\">Bluzeczka z d\u0142ugim r\u0119kawem Blue i Bingo<\/div>\n<div dir=\"auto\">Bawe\u0142na 100%<\/div>\n","protected":false},"excerpt":{"rendered":"<p>Bluzeczka z d\u0142ugim r\u0119kawem Blue i Bingo Bawe\u0142na 100%<\/p>\n","protected":false},"featured_media":33845,"template":"","meta":[],"product_cat":[46],"product_tag":[],"class_list":{"0":"post-33844","1":"product","2":"type-product","3":"status-publish","4":"has-post-thumbnail","6":"product_cat-bluzki-koszule-dz","7":"pa_size-104","8":"pa_size-105","9":"pa_size-106","10":"pa_size-112","11":"pa_size-113","13":"first","14":"instock","15":"shipping-taxable","16":"purchasable","17":"product-type-variable"},"_links":{"self":[{"href":"https:\/\/ndsit.pl\/borekkids.ndsit.pl\/wp-json\/wp\/v2\/product\/33844","targetHints":{"allow":["GET"]}}],"collection":[{"href":"https:\/\/ndsit.pl\/borekkids.ndsit.pl\/wp-json\/wp\/v2\/product"}],"about":[{"href":"https:\/\/ndsit.pl\/borekkids.ndsit.pl\/wp-json\/wp\/v2\/types\/product"}],"wp:featuredmedia":[{"embeddable":true,"href":"https:\/\/ndsit.pl\/borekkids.ndsit.pl\/wp-json\/wp\/v2\/media\/33845"}],"wp:attachment":[{"href":"https:\/\/ndsit.pl\/borekkids.ndsit.pl\/wp-json\/wp\/v2\/media?parent=33844"}],"wp:term":[{"taxonomy":"product_cat","embeddable":true,"href":"https:\/\/ndsit.pl\/borekkids.ndsit.pl\/wp-json\/wp\/v2\/product_cat?post=33844"},{"taxonomy":"product_tag","embeddable":true,"href":"https:\/\/ndsit.pl\/borekkids.ndsit.pl\/wp-json\/wp\/v2\/product_tag?post=33844"}],"curies":[{"name":"wp","href":"https:\/\/api.w.org\/{rel}","templated":true}]}}