{"id":33822,"date":"2024-07-16T12:06:41","date_gmt":"2024-07-16T10:06:41","guid":{"rendered":"https:\/\/ndsit.pl\/borekkids.ndsit.pl\/?post_type=product&#038;p=33822"},"modified":"2024-08-07T10:10:30","modified_gmt":"2024-08-07T08:10:30","slug":"prazkowany-komplet-dziewczecy-z-misiem-%f0%9f%a4%a9","status":"publish","type":"product","link":"https:\/\/ndsit.pl\/borekkids.ndsit.pl\/product\/prazkowany-komplet-dziewczecy-z-misiem-%f0%9f%a4%a9\/","title":{"rendered":"Pr\u0105\u017ckowany komplet dziewcz\u0119cy z misiem \ud83e\udd29"},"content":{"rendered":"<p>Bardzo przyjemna bawe\u0142na<\/p>\n","protected":false},"excerpt":{"rendered":"<p>Bardzo przyjemna bawe\u0142na<\/p>\n","protected":false},"featured_media":33769,"template":"","meta":[],"product_cat":[88],"product_tag":[],"class_list":{"0":"post-33822","1":"product","2":"type-product","3":"status-publish","4":"has-post-thumbnail","6":"product_cat-ubranka-niemowlece-dz","7":"pa_size-63","8":"pa_size-65","10":"first","11":"instock","12":"shipping-taxable","13":"purchasable","14":"product-type-variable"},"_links":{"self":[{"href":"https:\/\/ndsit.pl\/borekkids.ndsit.pl\/wp-json\/wp\/v2\/product\/33822","targetHints":{"allow":["GET"]}}],"collection":[{"href":"https:\/\/ndsit.pl\/borekkids.ndsit.pl\/wp-json\/wp\/v2\/product"}],"about":[{"href":"https:\/\/ndsit.pl\/borekkids.ndsit.pl\/wp-json\/wp\/v2\/types\/product"}],"wp:featuredmedia":[{"embeddable":true,"href":"https:\/\/ndsit.pl\/borekkids.ndsit.pl\/wp-json\/wp\/v2\/media\/33769"}],"wp:attachment":[{"href":"https:\/\/ndsit.pl\/borekkids.ndsit.pl\/wp-json\/wp\/v2\/media?parent=33822"}],"wp:term":[{"taxonomy":"product_cat","embeddable":true,"href":"https:\/\/ndsit.pl\/borekkids.ndsit.pl\/wp-json\/wp\/v2\/product_cat?post=33822"},{"taxonomy":"product_tag","embeddable":true,"href":"https:\/\/ndsit.pl\/borekkids.ndsit.pl\/wp-json\/wp\/v2\/product_tag?post=33822"}],"curies":[{"name":"wp","href":"https:\/\/api.w.org\/{rel}","templated":true}]}}