{"id":33698,"date":"2024-07-15T21:24:20","date_gmt":"2024-07-15T19:24:20","guid":{"rendered":"https:\/\/ndsit.pl\/borekkids.ndsit.pl\/?post_type=product&#038;p=33698"},"modified":"2024-07-15T21:24:20","modified_gmt":"2024-07-15T19:24:20","slug":"t-shirt-chlopiecy-2","status":"publish","type":"product","link":"https:\/\/ndsit.pl\/borekkids.ndsit.pl\/product\/t-shirt-chlopiecy-2\/","title":{"rendered":"T-shirt ch\u0142opi\u0119cy"},"content":{"rendered":"<div dir=\"auto\">T-shirt ch\u0142opi\u0119cy<\/div>\n<div dir=\"auto\">Bawe\u0142na 100%<\/div>\n<div dir=\"auto\">Wstawiam prz\u00f3d i ty\u0142 koszulki<\/div>\n","protected":false},"excerpt":{"rendered":"<p>T-shirt ch\u0142opi\u0119cy Bawe\u0142na 100% Wstawiam prz\u00f3d i ty\u0142 koszulki<\/p>\n","protected":false},"featured_media":33699,"template":"","meta":[],"product_cat":[49],"product_tag":[],"class_list":{"0":"post-33698","1":"product","2":"type-product","3":"status-publish","4":"has-post-thumbnail","6":"product_cat-bluzki-koszule","7":"pa_size-113","8":"pa_size-114","9":"pa_size-115","10":"pa_size-116","11":"pa_size-117","13":"first","14":"instock","15":"shipping-taxable","16":"purchasable","17":"product-type-variable"},"_links":{"self":[{"href":"https:\/\/ndsit.pl\/borekkids.ndsit.pl\/wp-json\/wp\/v2\/product\/33698","targetHints":{"allow":["GET"]}}],"collection":[{"href":"https:\/\/ndsit.pl\/borekkids.ndsit.pl\/wp-json\/wp\/v2\/product"}],"about":[{"href":"https:\/\/ndsit.pl\/borekkids.ndsit.pl\/wp-json\/wp\/v2\/types\/product"}],"wp:featuredmedia":[{"embeddable":true,"href":"https:\/\/ndsit.pl\/borekkids.ndsit.pl\/wp-json\/wp\/v2\/media\/33699"}],"wp:attachment":[{"href":"https:\/\/ndsit.pl\/borekkids.ndsit.pl\/wp-json\/wp\/v2\/media?parent=33698"}],"wp:term":[{"taxonomy":"product_cat","embeddable":true,"href":"https:\/\/ndsit.pl\/borekkids.ndsit.pl\/wp-json\/wp\/v2\/product_cat?post=33698"},{"taxonomy":"product_tag","embeddable":true,"href":"https:\/\/ndsit.pl\/borekkids.ndsit.pl\/wp-json\/wp\/v2\/product_tag?post=33698"}],"curies":[{"name":"wp","href":"https:\/\/api.w.org\/{rel}","templated":true}]}}