{"id":33674,"date":"2024-07-15T21:10:25","date_gmt":"2024-07-15T19:10:25","guid":{"rendered":"https:\/\/ndsit.pl\/borekkids.ndsit.pl\/?post_type=product&#038;p=33674"},"modified":"2024-07-15T21:10:25","modified_gmt":"2024-07-15T19:10:25","slug":"letni-zestaw-dla-chlopca-koszulka-spodenki-z-kieszeniami","status":"publish","type":"product","link":"https:\/\/ndsit.pl\/borekkids.ndsit.pl\/product\/letni-zestaw-dla-chlopca-koszulka-spodenki-z-kieszeniami\/","title":{"rendered":"Letni zestaw dla ch\u0142opca: koszulka + spodenki z kieszeniami"},"content":{"rendered":"<div dir=\"auto\">Letni zestaw dla ch\u0142opca: koszulka + spodenki z kieszeniami <span class=\"html-span xexx8yu x4uap5 x18d9i69 xkhd6sd x1hl2dhg x16tdsg8 x1vvkbs x3nfvp2 x1j61x8r x1fcty0u xdj266r xat24cr xgzva0m xhhsvwb xxymvpz xlup9mm x1kky2od\"><img loading=\"lazy\" decoding=\"async\" class=\"xz74otr\" src=\"https:\/\/static.xx.fbcdn.net\/images\/emoji.php\/v9\/ta1\/2\/16\/1f60d.png\" alt=\"\ud83d\ude0d\" width=\"16\" height=\"16\" \/><\/span><\/div>\n<div dir=\"auto\">Mega jako\u015b\u0107<\/div>\n","protected":false},"excerpt":{"rendered":"<p>Letni zestaw dla ch\u0142opca: koszulka + spodenki z kieszeniami Mega jako\u015b\u0107<\/p>\n","protected":false},"featured_media":33675,"template":"","meta":[],"product_cat":[83],"product_tag":[],"class_list":{"0":"post-33674","1":"product","2":"type-product","3":"status-publish","4":"has-post-thumbnail","6":"product_cat-komplety-chl","7":"pa_size-106","9":"first","10":"instock","11":"shipping-taxable","12":"purchasable","13":"product-type-variable"},"_links":{"self":[{"href":"https:\/\/ndsit.pl\/borekkids.ndsit.pl\/wp-json\/wp\/v2\/product\/33674","targetHints":{"allow":["GET"]}}],"collection":[{"href":"https:\/\/ndsit.pl\/borekkids.ndsit.pl\/wp-json\/wp\/v2\/product"}],"about":[{"href":"https:\/\/ndsit.pl\/borekkids.ndsit.pl\/wp-json\/wp\/v2\/types\/product"}],"wp:featuredmedia":[{"embeddable":true,"href":"https:\/\/ndsit.pl\/borekkids.ndsit.pl\/wp-json\/wp\/v2\/media\/33675"}],"wp:attachment":[{"href":"https:\/\/ndsit.pl\/borekkids.ndsit.pl\/wp-json\/wp\/v2\/media?parent=33674"}],"wp:term":[{"taxonomy":"product_cat","embeddable":true,"href":"https:\/\/ndsit.pl\/borekkids.ndsit.pl\/wp-json\/wp\/v2\/product_cat?post=33674"},{"taxonomy":"product_tag","embeddable":true,"href":"https:\/\/ndsit.pl\/borekkids.ndsit.pl\/wp-json\/wp\/v2\/product_tag?post=33674"}],"curies":[{"name":"wp","href":"https:\/\/api.w.org\/{rel}","templated":true}]}}