{"id":33668,"date":"2024-07-15T21:07:26","date_gmt":"2024-07-15T19:07:26","guid":{"rendered":"https:\/\/ndsit.pl\/borekkids.ndsit.pl\/?post_type=product&#038;p=33668"},"modified":"2024-07-15T21:07:26","modified_gmt":"2024-07-15T19:07:26","slug":"t-shirt-chlopiecy","status":"publish","type":"product","link":"https:\/\/ndsit.pl\/borekkids.ndsit.pl\/product\/t-shirt-chlopiecy\/","title":{"rendered":"T-shirt ch\u0142opi\u0119cy"},"content":{"rendered":"<div dir=\"auto\">T-shirt ch\u0142opi\u0119cy<\/div>\n<div dir=\"auto\">Bawe\u0142na 100%<\/div>\n<div dir=\"auto\">Wstawiam prz\u00f3d i ty\u0142 koszulki<\/div>\n","protected":false},"excerpt":{"rendered":"<p>T-shirt ch\u0142opi\u0119cy Bawe\u0142na 100% Wstawiam prz\u00f3d i ty\u0142 koszulki<\/p>\n","protected":false},"featured_media":33665,"template":"","meta":[],"product_cat":[49],"product_tag":[],"class_list":{"0":"post-33668","1":"product","2":"type-product","3":"status-publish","4":"has-post-thumbnail","6":"product_cat-bluzki-koszule","7":"pa_size-114","8":"pa_size-115","9":"pa_size-116","10":"pa_size-117","12":"first","13":"instock","14":"shipping-taxable","15":"purchasable","16":"product-type-variable"},"_links":{"self":[{"href":"https:\/\/ndsit.pl\/borekkids.ndsit.pl\/wp-json\/wp\/v2\/product\/33668","targetHints":{"allow":["GET"]}}],"collection":[{"href":"https:\/\/ndsit.pl\/borekkids.ndsit.pl\/wp-json\/wp\/v2\/product"}],"about":[{"href":"https:\/\/ndsit.pl\/borekkids.ndsit.pl\/wp-json\/wp\/v2\/types\/product"}],"wp:featuredmedia":[{"embeddable":true,"href":"https:\/\/ndsit.pl\/borekkids.ndsit.pl\/wp-json\/wp\/v2\/media\/33665"}],"wp:attachment":[{"href":"https:\/\/ndsit.pl\/borekkids.ndsit.pl\/wp-json\/wp\/v2\/media?parent=33668"}],"wp:term":[{"taxonomy":"product_cat","embeddable":true,"href":"https:\/\/ndsit.pl\/borekkids.ndsit.pl\/wp-json\/wp\/v2\/product_cat?post=33668"},{"taxonomy":"product_tag","embeddable":true,"href":"https:\/\/ndsit.pl\/borekkids.ndsit.pl\/wp-json\/wp\/v2\/product_tag?post=33668"}],"curies":[{"name":"wp","href":"https:\/\/api.w.org\/{rel}","templated":true}]}}