{"id":33658,"date":"2024-07-15T21:00:51","date_gmt":"2024-07-15T19:00:51","guid":{"rendered":"https:\/\/ndsit.pl\/borekkids.ndsit.pl\/?post_type=product&#038;p=33658"},"modified":"2024-07-15T21:00:51","modified_gmt":"2024-07-15T19:00:51","slug":"elegancki-komplet-z-mucha","status":"publish","type":"product","link":"https:\/\/ndsit.pl\/borekkids.ndsit.pl\/product\/elegancki-komplet-z-mucha\/","title":{"rendered":"Elegancki komplet z much\u0105"},"content":{"rendered":"<p>Elegancki zestaw niemowl\u0119cy: body z mucha na d\u0142ugi r\u0119kaw, odpinana marynarka i spodnie.<\/p>\n","protected":false},"excerpt":{"rendered":"<p>Elegancki zestaw niemowl\u0119cy: body z mucha na d\u0142ugi r\u0119kaw, odpinana marynarka i spodnie.<\/p>\n","protected":false},"featured_media":33636,"template":"","meta":[],"product_cat":[50],"product_tag":[],"class_list":{"0":"post-33658","1":"product","2":"type-product","3":"status-publish","4":"has-post-thumbnail","6":"product_cat-ubranka-niemowlece","7":"pa_size-63","8":"pa_size-large","9":"pa_size-extra-large","11":"first","12":"instock","13":"shipping-taxable","14":"purchasable","15":"product-type-variable"},"_links":{"self":[{"href":"https:\/\/ndsit.pl\/borekkids.ndsit.pl\/wp-json\/wp\/v2\/product\/33658","targetHints":{"allow":["GET"]}}],"collection":[{"href":"https:\/\/ndsit.pl\/borekkids.ndsit.pl\/wp-json\/wp\/v2\/product"}],"about":[{"href":"https:\/\/ndsit.pl\/borekkids.ndsit.pl\/wp-json\/wp\/v2\/types\/product"}],"wp:featuredmedia":[{"embeddable":true,"href":"https:\/\/ndsit.pl\/borekkids.ndsit.pl\/wp-json\/wp\/v2\/media\/33636"}],"wp:attachment":[{"href":"https:\/\/ndsit.pl\/borekkids.ndsit.pl\/wp-json\/wp\/v2\/media?parent=33658"}],"wp:term":[{"taxonomy":"product_cat","embeddable":true,"href":"https:\/\/ndsit.pl\/borekkids.ndsit.pl\/wp-json\/wp\/v2\/product_cat?post=33658"},{"taxonomy":"product_tag","embeddable":true,"href":"https:\/\/ndsit.pl\/borekkids.ndsit.pl\/wp-json\/wp\/v2\/product_tag?post=33658"}],"curies":[{"name":"wp","href":"https:\/\/api.w.org\/{rel}","templated":true}]}}