{"id":33626,"date":"2024-07-15T20:48:22","date_gmt":"2024-07-15T18:48:22","guid":{"rendered":"https:\/\/ndsit.pl\/borekkids.ndsit.pl\/?post_type=product&#038;p=33626"},"modified":"2024-07-15T20:48:23","modified_gmt":"2024-07-15T18:48:23","slug":"elegancki-komplet-z-bezowa-koszula-i-ciemnymi-miekkimi-spodenkami","status":"publish","type":"product","link":"https:\/\/ndsit.pl\/borekkids.ndsit.pl\/product\/elegancki-komplet-z-bezowa-koszula-i-ciemnymi-miekkimi-spodenkami\/","title":{"rendered":"Elegancki komplet z be\u017cow\u0105 koszul\u0105 i ciemnymi, mi\u0119kkimi spodenkami."},"content":{"rendered":"<div dir=\"auto\">Elegancki komplet z be\u017cow\u0105 koszul\u0105 i ciemnymi, mi\u0119kkimi spodenkami.<\/div>\n","protected":false},"excerpt":{"rendered":"<p>Elegancki komplet z be\u017cow\u0105 koszul\u0105 i ciemnymi, mi\u0119kkimi spodenkami.<\/p>\n","protected":false},"featured_media":33627,"template":"","meta":[],"product_cat":[83],"product_tag":[],"class_list":{"0":"post-33626","1":"product","2":"type-product","3":"status-publish","4":"has-post-thumbnail","6":"product_cat-komplety-chl","7":"pa_size-104","8":"pa_size-66","9":"pa_size-102","10":"pa_size-103","12":"first","13":"instock","14":"shipping-taxable","15":"purchasable","16":"product-type-variable"},"_links":{"self":[{"href":"https:\/\/ndsit.pl\/borekkids.ndsit.pl\/wp-json\/wp\/v2\/product\/33626","targetHints":{"allow":["GET"]}}],"collection":[{"href":"https:\/\/ndsit.pl\/borekkids.ndsit.pl\/wp-json\/wp\/v2\/product"}],"about":[{"href":"https:\/\/ndsit.pl\/borekkids.ndsit.pl\/wp-json\/wp\/v2\/types\/product"}],"wp:featuredmedia":[{"embeddable":true,"href":"https:\/\/ndsit.pl\/borekkids.ndsit.pl\/wp-json\/wp\/v2\/media\/33627"}],"wp:attachment":[{"href":"https:\/\/ndsit.pl\/borekkids.ndsit.pl\/wp-json\/wp\/v2\/media?parent=33626"}],"wp:term":[{"taxonomy":"product_cat","embeddable":true,"href":"https:\/\/ndsit.pl\/borekkids.ndsit.pl\/wp-json\/wp\/v2\/product_cat?post=33626"},{"taxonomy":"product_tag","embeddable":true,"href":"https:\/\/ndsit.pl\/borekkids.ndsit.pl\/wp-json\/wp\/v2\/product_tag?post=33626"}],"curies":[{"name":"wp","href":"https:\/\/api.w.org\/{rel}","templated":true}]}}