{"id":33439,"date":"2024-07-15T14:15:46","date_gmt":"2024-07-15T12:15:46","guid":{"rendered":"https:\/\/ndsit.pl\/borekkids.ndsit.pl\/?post_type=product&#038;p=33439"},"modified":"2024-11-06T19:16:25","modified_gmt":"2024-11-06T18:16:25","slug":"t-shirt-psi-patrol","status":"publish","type":"product","link":"https:\/\/ndsit.pl\/borekkids.ndsit.pl\/product\/t-shirt-psi-patrol\/","title":{"rendered":"T-shirt Psi Patrol"},"content":{"rendered":"<div dir=\"auto\">Ch\u0142opi\u0119cy t-shirt Psi Patrol<\/div>\n<div dir=\"auto\">Bawe\u0142na 100%<\/div>\n","protected":false},"excerpt":{"rendered":"<p>Ch\u0142opi\u0119cy t-shirt Psi Patrol Bawe\u0142na 100%<\/p>\n","protected":false},"featured_media":33440,"template":"","meta":[],"product_cat":[49],"product_tag":[],"class_list":{"0":"post-33439","1":"product","2":"type-product","3":"status-publish","4":"has-post-thumbnail","6":"product_cat-bluzki-koszule","7":"pa_size-104-110","8":"pa_size-110-116","9":"pa_size-116-122","10":"pa_size-92-98","12":"first","13":"instock","14":"shipping-taxable","15":"purchasable","16":"product-type-variable"},"_links":{"self":[{"href":"https:\/\/ndsit.pl\/borekkids.ndsit.pl\/wp-json\/wp\/v2\/product\/33439","targetHints":{"allow":["GET"]}}],"collection":[{"href":"https:\/\/ndsit.pl\/borekkids.ndsit.pl\/wp-json\/wp\/v2\/product"}],"about":[{"href":"https:\/\/ndsit.pl\/borekkids.ndsit.pl\/wp-json\/wp\/v2\/types\/product"}],"wp:featuredmedia":[{"embeddable":true,"href":"https:\/\/ndsit.pl\/borekkids.ndsit.pl\/wp-json\/wp\/v2\/media\/33440"}],"wp:attachment":[{"href":"https:\/\/ndsit.pl\/borekkids.ndsit.pl\/wp-json\/wp\/v2\/media?parent=33439"}],"wp:term":[{"taxonomy":"product_cat","embeddable":true,"href":"https:\/\/ndsit.pl\/borekkids.ndsit.pl\/wp-json\/wp\/v2\/product_cat?post=33439"},{"taxonomy":"product_tag","embeddable":true,"href":"https:\/\/ndsit.pl\/borekkids.ndsit.pl\/wp-json\/wp\/v2\/product_tag?post=33439"}],"curies":[{"name":"wp","href":"https:\/\/api.w.org\/{rel}","templated":true}]}}