{"id":33410,"date":"2024-07-15T13:57:42","date_gmt":"2024-07-15T11:57:42","guid":{"rendered":"https:\/\/ndsit.pl\/borekkids.ndsit.pl\/?post_type=product&#038;p=33410"},"modified":"2024-07-15T13:59:21","modified_gmt":"2024-07-15T11:59:21","slug":"zestaw-dla-dziewczynki-z-kokarda","status":"publish","type":"product","link":"https:\/\/ndsit.pl\/borekkids.ndsit.pl\/product\/zestaw-dla-dziewczynki-z-kokarda\/","title":{"rendered":"Zestaw dla dziewczynki z kokard\u0105"},"content":{"rendered":"<div dir=\"auto\">Cudowny zestaw dla dziewczynki <span class=\"html-span xexx8yu x4uap5 x18d9i69 xkhd6sd x1hl2dhg x16tdsg8 x1vvkbs x3nfvp2 x1j61x8r x1fcty0u xdj266r xat24cr xgzva0m xhhsvwb xxymvpz xlup9mm x1kky2od\"><img loading=\"lazy\" decoding=\"async\" class=\"xz74otr\" src=\"https:\/\/static.xx.fbcdn.net\/images\/emoji.php\/v9\/tf7\/2\/16\/1f929.png\" alt=\"\ud83e\udd29\" width=\"16\" height=\"16\" \/><\/span><span class=\"html-span xexx8yu x4uap5 x18d9i69 xkhd6sd x1hl2dhg x16tdsg8 x1vvkbs x3nfvp2 x1j61x8r x1fcty0u xdj266r xat24cr xgzva0m xhhsvwb xxymvpz xlup9mm x1kky2od\"><img loading=\"lazy\" decoding=\"async\" class=\"xz74otr\" src=\"https:\/\/static.xx.fbcdn.net\/images\/emoji.php\/v9\/tf7\/2\/16\/1f929.png\" alt=\"\ud83e\udd29\" width=\"16\" height=\"16\" \/><\/span><\/div>\n<div dir=\"auto\">Bluzeczka pr\u0105\u017ckowana z azurkowa falbanka, z ty\u0142u zapinana na napy po ca\u0142ej d\u0142ugo\u015bci, spodenki na szelkach z kokard\u0105, zapinane na napy w kroku.<\/div>\n","protected":false},"excerpt":{"rendered":"<p>Cudowny zestaw dla dziewczynki Bluzeczka pr\u0105\u017ckowana z azurkowa falbanka, z ty\u0142u zapinana na napy po ca\u0142ej d\u0142ugo\u015bci, spodenki na szelkach z kokard\u0105, zapinane na napy w kroku.<\/p>\n","protected":false},"featured_media":33414,"template":"","meta":[],"product_cat":[43,88],"product_tag":[],"class_list":{"0":"post-33410","1":"product","2":"type-product","3":"status-publish","4":"has-post-thumbnail","6":"product_cat-dziewczynka","7":"product_cat-ubranka-niemowlece-dz","8":"pa_size-63","9":"pa_size-65","10":"pa_size-102","12":"first","13":"instock","14":"shipping-taxable","15":"purchasable","16":"product-type-variable"},"_links":{"self":[{"href":"https:\/\/ndsit.pl\/borekkids.ndsit.pl\/wp-json\/wp\/v2\/product\/33410","targetHints":{"allow":["GET"]}}],"collection":[{"href":"https:\/\/ndsit.pl\/borekkids.ndsit.pl\/wp-json\/wp\/v2\/product"}],"about":[{"href":"https:\/\/ndsit.pl\/borekkids.ndsit.pl\/wp-json\/wp\/v2\/types\/product"}],"wp:featuredmedia":[{"embeddable":true,"href":"https:\/\/ndsit.pl\/borekkids.ndsit.pl\/wp-json\/wp\/v2\/media\/33414"}],"wp:attachment":[{"href":"https:\/\/ndsit.pl\/borekkids.ndsit.pl\/wp-json\/wp\/v2\/media?parent=33410"}],"wp:term":[{"taxonomy":"product_cat","embeddable":true,"href":"https:\/\/ndsit.pl\/borekkids.ndsit.pl\/wp-json\/wp\/v2\/product_cat?post=33410"},{"taxonomy":"product_tag","embeddable":true,"href":"https:\/\/ndsit.pl\/borekkids.ndsit.pl\/wp-json\/wp\/v2\/product_tag?post=33410"}],"curies":[{"name":"wp","href":"https:\/\/api.w.org\/{rel}","templated":true}]}}