{"id":3,"date":"2018-12-07T12:55:09","date_gmt":"2018-12-07T12:55:09","guid":{"rendered":"https:\/\/ndsit.pl\/borekkids.ndsit.pl\/?page_id=3"},"modified":"2024-04-20T12:21:13","modified_gmt":"2024-04-20T10:21:13","slug":"privacy-policy","status":"publish","type":"page","link":"https:\/\/ndsit.pl\/borekkids.ndsit.pl\/privacy-policy\/","title":{"rendered":"Polityka Prywatno\u015bci"},"content":{"rendered":"<div class=\"wpb-content-wrapper\"><p>[vc_row css=&#8221;.vc_custom_1550212476104{margin-bottom: 0px !important;padding-top: 80px !important;padding-bottom: 80px !important;}&#8221;][vc_column][vc_column_text]<\/p>\r\n<h3 class=\"wp-block-heading\">1. ADMINISTRATOR DANYCH OSOBOWYCH<\/h3>\r\n<ol>\r\n<li>Administratorem danych osobowych w rozumieniu art. 4 pkt 7 rozporz\u0105dzenia Parlamentu Europejskiego i Rady (UE) 2016\/679 z dn. 27.04.2016 r. w sprawie ochrony os\u00f3b fizycznych w zwi\u0105zku z przetwarzaniem danych osobowych i w sprawie swobodnego przep\u0142ywu takich danych oraz uchylenia dyrektywy 95\/46\/WE (RODO) jest Ewelina Borkowska wykonuj\u0105ca dzia\u0142alno\u015b\u0107 gospodarcz\u0105 pod firm\u0105 <strong>Borek Kids \u2013 sklep z odzie\u017c\u0105 dzieci\u0119c\u0105 Ewelina Borkowska<\/strong>.<\/li>\r\n<\/ol>\r\n<ol start=\"2\">\r\n<li>Adres e-mail administratora danych:\u00a0<strong>sklep.borekkids@gmail.com<\/strong><\/li>\r\n<li>Administrator w my\u015bl art. 32 ust. 1 RODO przestrzega zasady ochrony danych osobowych oraz stosuje odpowiednie \u015brodki techniczne i organizacyjne w celu zapobie\u017cenia przypadkowego lub niezgodnego z prawem zniszczenia, utraty, modyfikacji, nieuprawnionego ujawnienia lub nieuprawnionego dost\u0119pu do danych osobowych przetwarzanych w zwi\u0105zku z prowadzon\u0105 dzia\u0142alno\u015bci\u0105.<\/li>\r\n<li>Podanie danych osobowych przez klienta jest dobrowolne, ale niezb\u0119dne w celu zawarcia umowy z administratorem danych.<\/li>\r\n<li>Administrator danych przetwarza dane osobowe w zakresie niezb\u0119dnym do realizacji umowy lub \u015bwiadczenia us\u0142ug na rzecz osoby, kt\u00f3rej dane dotycz\u0105.<\/li>\r\n<\/ol>\r\n<h3 class=\"wp-block-heading\">2. CEL I PODSTAWY PRZETWARZANIA DANYCH OSOBOWYCH<\/h3>\r\n<p>Administrator przetwarza dane osobowe w nast\u0119puj\u0105cych celach:<\/p>\r\n<ol>\r\n<li>przygotowanie oferty handlowej w odpowiedzi na zainteresowanie klienta, co jest prawnie uzasadnionym interesem administratora danych (art. 6 ust. 1 lit. f RODO);<\/li>\r\n<\/ol>\r\n<ol>\r\n<li>zawieranie i realizacja um\u00f3w sprzeda\u017cy z klientami, na podstawie zawartej umowy (art. 6 ust. 1 lit. b RODO);<\/li>\r\n<li>\u015bwiadczenie us\u0142ug drog\u0105 elektroniczn\u0105 za po\u015brednictwem Sklepu internetowego, na podstawie zawartej umowy (art. 6 ust. 1 lit. b RODO);<\/li>\r\n<li>obs\u0142uga procesu reklamacyjnego, na podstawie obowi\u0105zku ci\u0105\u017c\u0105cym na administratorze danych w zwi\u0105zku z obowi\u0105zuj\u0105cymi przepisami prawa (art. 6 ust. 1lit. c RODO);<\/li>\r\n<li>rachunkowych zwi\u0105zanych z wystawianiem i przyjmowaniem dokument\u00f3w rozliczeniowych, na podstawie przepis\u00f3w prawa podatkowego (art. 6 ust. 1 lit. c RODO);<\/li>\r\n<li>archiwizacja danych dla ewentualnego ustalenia, dochodzenia lub obrony przed roszczeniami lub potrzeby wykazania fakt\u00f3w, co jest prawnie uzasadnionym interesem administratora danych (art. 6 ust. 1 lit f RODO);<\/li>\r\n<li>kontakt telefoniczny lub za po\u015brednictwem poczty elektronicznej, w szczeg\u00f3lno\u015bci w odpowiedzi na zapytania kierowane do administratora danych, co jest prawnie uzasadnionym interesem administratora danych (art. 6 ust. 1 lit. f RODO);<\/li>\r\n<li>przesy\u0142anie informacji technicznych dotycz\u0105cych funkcjonowania Sklepu internetowego i us\u0142ug, z kt\u00f3rych korzysta klient, co jest prawnie uzasadnionym interesem administratora danych (art. 6 ust. 1 lit. f RODO);<\/li>\r\n<li>marketing produkt\u00f3w w\u0142asnych administratora danych, co jest jego prawnie uzasadnionym interesem (art. 6 ust. 1 lit. f RODO) lub odbywa si\u0119 na podstawie uprzednio udzielonej zgody (art. 6 ust. 1 lit. a RODO).<\/li>\r\n<\/ol>\r\n<h3 class=\"wp-block-heading\">3. ODBIORCY DANYCH. PRZEKAZYWANIE DANYCH DO PA\u0143STW TRZECICH<\/h3>\r\n<ol>\r\n<li>Odbiorcami danych osobowych przetwarzanych przez administratora danych mog\u0105 by\u0107 podmioty wsp\u00f3\u0142pracuj\u0105ce z administratorem danych gdy jest to niezb\u0119dne do realizacji umowy zawartej z osob\u0105, kt\u00f3rej dane dotycz\u0105.<\/li>\r\n<\/ol>\r\n<ol start=\"2\">\r\n<li>Odbiorcami danych osobowych przetwarzanych przez administratora danych mog\u0105 by\u0107 r\u00f3wnie\u017c podwykonawcy \u2013 podmioty, z kt\u00f3rych us\u0142ug korzysta administrator danych przy przetwarzaniu danych np. biura rachunkowe, kancelarie prawne, podmioty \u015bwiadcz\u0105ce us\u0142ugi IT (w tym us\u0142ugi hostingowe).<\/li>\r\n<li>Administrator danych mo\u017ce by\u0107 zobowi\u0105zany do udost\u0119pnienia danych osobowych na podstawie obowi\u0105zuj\u0105cych przepis\u00f3w prawa, w szczeg\u00f3lno\u015bci do udost\u0119pnienia danych osobowych uprawnionym organom lub instytucjom pa\u0144stwowym.<\/li>\r\n<li>Dane osobowe nie b\u0119d\u0105 przekazywane do podmiotu maj\u0105cego siedzib\u0119 poza Europejskim Obszarem Gospodarczym.<\/li>\r\n<\/ol>\r\n<h3 class=\"wp-block-heading\">4. OKRES PRZECHOWYWANIA DANYCH OSOBOWYCH<\/h3>\r\n<ol>\r\n<li>Administrator danych przechowuje dane osobowe przez okres obowi\u0105zywania umowy zawartej z osob\u0105, kt\u00f3rej dane dotycz\u0105 oraz po zako\u0144czeniu jej obowi\u0105zywania w celach zwi\u0105zanych z dochodzeniem roszcze\u0144 zwi\u0105zanych z umow\u0105, wykonania obowi\u0105zk\u00f3w wynikaj\u0105cych z obowi\u0105zuj\u0105cych przepis\u00f3w prawa, ale przez czas nie d\u0142u\u017cszy ni\u017c termin przedawnienia zgodnie z przepisami Kodeksu cywilnego.<\/li>\r\n<\/ol>\r\n<ol start=\"2\">\r\n<li>Administrator danych przechowuje dane osobowe znajduj\u0105ce si\u0119 na dokumentach rozliczeniowych przez okres czasu wskazany przepisami ustawy o podatku od towar\u00f3w i us\u0142ug oraz ustaw\u0105 o rachunkowo\u015bci.<\/li>\r\n<li>Administrator danych przechowuje dane osobowe przetwarzane w celach marketingowych przez okres lat 10, jednak nie dalej ni\u017c do momentu wycofania zgody na przetwarzanie danych lub wniesienia sprzeciwu wobec przetwarzania danych.<\/li>\r\n<li>Administrator danych przechowuje dane osobowe w celach innych ni\u017c wskazane w ust. 1-3 przez okres 3 lat, chyba \u017ce wcze\u015bniej wycofano zgod\u0119 na przetwarzanie danych, a przetwarzanie danych nie mo\u017ce by\u0107 kontynuowane na innej podstawie ni\u017c zgoda osoby, kt\u00f3rej dane dotycz\u0105.<\/li>\r\n<\/ol>\r\n<h3 class=\"wp-block-heading\">5. UPRAWNIENIA OSOBY, KT\u00d3REJ DANE DOTYCZ\u0104<\/h3>\r\n<p>Ka\u017cda osoba, kt\u00f3rej dane dotycz\u0105, ma prawo:<\/p>\r\n<ol>\r\n<li>dost\u0119pu\u00a0\u2013uzyskania od administratora potwierdzenia, czy przetwarzane s\u0105 jej dane osobowe. Je\u017celi dane o osobie s\u0105 przetwarzane, jest ona uprawniona do uzyskania dost\u0119pu do nich oraz uzyskania nast\u0119puj\u0105cych informacji: o celach przetwarzania, kategoriach danych osobowych, informacji o odbiorcach lub kategoriach odbiorc\u00f3w, kt\u00f3rym dane zosta\u0142y lub zostan\u0105 ujawnione, o okresie przechowywania danych lub o kryteriach ich ustalania, o prawie do \u017c\u0105dania sprostowania, usuni\u0119cia lub ograniczenia przetwarzania danych osobowych przys\u0142uguj\u0105cych osobie, kt\u00f3rej dane dotycz\u0105, oraz do wniesienia sprzeciwu wobec takiego przetwarzania (art. 15 RODO);<\/li>\r\n<li>do otrzymania kopii danych\u00a0\u2013 uzyskania kopii danych podlegaj\u0105cych przetwarzaniu,przy czym pierwsza kopia jest bezp\u0142atna, a za kolejne kopie administrator mo\u017ce na\u0142o\u017cy\u0107 op\u0142at\u0119 w rozs\u0105dnej wysoko\u015bci wynikaj\u0105c\u0105 z koszt\u00f3w administracyjnych (art. 15 ust. 3 RODO);<\/li>\r\n<li>do sprostowania\u00a0\u2013 \u017c\u0105dania sprostowania dotycz\u0105cych jej danych osobowych, kt\u00f3re s\u0105 nieprawid\u0142owe lub uzupe\u0142nienia niekompletnych danych (art. 16 RODO);<\/li>\r\n<li>do usuni\u0119cia danych\u00a0\u2013 \u017c\u0105dania usuni\u0119cia jej danych osobowych, je\u017celi administrator nie ma ju\u017c podstawy prawnej do ich przetwarzania lub dane nie s\u0105 ju\u017c niezb\u0119dne do cel\u00f3w przetwarzania (art. 17 RODO);<\/li>\r\n<li>do ograniczenia przetwarzania\u00a0\u2013 \u017c\u0105dania ograniczenia przetwarzania danych osobowych (art. 18 RODO), gdy:\r\n<ol>\r\n<li>osoba, kt\u00f3rej dane dotycz\u0105, kwestionuje prawid\u0142owo\u015b\u0107 danych osobowych \u2013 na okres pozwalaj\u0105cy administratorowi sprawdzi\u0107 prawid\u0142owo\u015b\u0107 tych danych<\/li>\r\n<li>przetwarzanie jest niezgodne z prawem, a osoba, kt\u00f3rej dane dotycz\u0105, sprzeciwia si\u0119 ich usuni\u0119ciu, \u017c\u0105daj\u0105c ograniczenia ich wykorzystywania<\/li>\r\n<li>administrator nie potrzebuje ju\u017c tych danych, ale s\u0105 one potrzebne osobie, kt\u00f3rej dane dotycz\u0105, do ustalenia, dochodzenia lub obrony roszcze\u0144<\/li>\r\n<\/ol>\r\n<\/li>\r\n<li>do przenoszenia danych \u2013 otrzymania w u strukturyzowanym, powszechnie u\u017cywanym formacie nadaj\u0105cym si\u0119 do odczytu maszynowego danych osobowych jej dotycz\u0105cych, kt\u00f3re dostarczy\u0142a administratorowi, oraz \u017c\u0105dania przes\u0142ania tych danych innemu administratorowi, je\u017celi dane s\u0105 przetwarzane na podstawie zgody osoby, kt\u00f3rej dane dotycz\u0105 lub umowy z ni\u0105 zawartej oraz je\u017celi dane s\u0105 przetwarzane w spos\u00f3b zautomatyzowany (art. 20 RODO);<\/li>\r\n<li>do sprzeciwu \u2013wniesienia sprzeciwu wobec przetwarzania jej danych osobowych w prawnie uzasadnionych celach administratora, z przyczyn zwi\u0105zanych z jej szczeg\u00f3ln\u0105 sytuacj\u0105, w tym wobec profilowania. W\u00f3wczas administrator dokonuje oceny istnienia wa\u017cnych prawnie uzasadnionych podstaw do przetwarzania, nadrz\u0119dnych wobec interes\u00f3w, praw i wolno\u015bci os\u00f3b, kt\u00f3rych dane dotycz\u0105, lub podstaw do ustalenia, dochodzenia lub obrony roszcze\u0144. Je\u017celi zgodnie z ocen\u0105 interesy osoby, kt\u00f3rej dane dotycz\u0105, b\u0119d\u0105 wa\u017cniejsze od interes\u00f3w administratora, administrator b\u0119dzie zobowi\u0105zany zaprzesta\u0107 przetwarzania danych w tych celach (art. 21 RODO).<\/li>\r\n<\/ol>\r\n<h3 class=\"wp-block-heading\">6. INFORMACJA O PLIKACH COOKIES<\/h3>\r\n<ol>\r\n<li>Serwis korzysta z plik\u00f3w cookies.<\/li>\r\n<li>Pliki cookies (tzw. \u201eciasteczka\u201d) stanowi\u0105 dane informatyczne, w szczeg\u00f3lno\u015bci pliki tekstowe, dlatego przechowywane s\u0105 w urz\u0105dzeniu ko\u0144cowym U\u017cytkownika Serwisu i przeznaczone s\u0105 do korzystania ze stron internetowych Serwisu. Cookies zazwyczaj zawieraj\u0105 nazw\u0119 strony internetowej, z kt\u00f3rej pochodz\u0105, czas przechowywania ich na urz\u0105dzeniu ko\u0144cowym oraz unikalny numer.<\/li>\r\n<li>Podmiotem zamieszczaj\u0105cym na urz\u0105dzeniu ko\u0144cowym U\u017cytkownika Serwisu pliki cookies oraz uzyskuj\u0105cym do nich dost\u0119p jest operator Serwisu.<\/li>\r\n<li>Pliki cookies wykorzystywane s\u0105 w nast\u0119puj\u0105cych celach:\r\n<ol>\r\n<li>utrzymanie sesji u\u017cytkownika Serwisu (po zalogowaniu), dzi\u0119ki kt\u00f3rej u\u017cytkownik nie musi na ka\u017cdej podstronie Serwisu ponownie wpisywa\u0107 loginu i has\u0142a;<\/li>\r\n<li>realizacji cel\u00f3w marketingowych;<\/li>\r\n<\/ol>\r\n<\/li>\r\n<li>W ramach Serwisu stosowane s\u0105 dwa zasadnicze rodzaje plik\u00f3w cookies: \u201esesyjne\u201d (session cookies) oraz \u201esta\u0142e\u201d (persistent cookies). Cookies \u201esesyjne\u201d s\u0105 plikami tymczasowymi, kt\u00f3re przechowywane s\u0105 w urz\u0105dzeniu ko\u0144cowym U\u017cytkownika do czasu wylogowania, opuszczenia strony internetowej lub wy\u0142\u0105czenia oprogramowania (przegl\u0105darki internetowej). \u201eSta\u0142e\u201d pliki cookies przechowywane s\u0105 w urz\u0105dzeniu ko\u0144cowym U\u017cytkownika przez czas okre\u015blony w parametrach plik\u00f3w cookies lub do czasu ich usuni\u0119cia przez U\u017cytkownika.<\/li>\r\n<li>Oprogramowanie do przegl\u0105dania stron internetowych (przegl\u0105darka internetowa) zazwyczaj domy\u015blnie dopuszcza przechowywanie plik\u00f3w cookies w urz\u0105dzeniu ko\u0144cowym U\u017cytkownika. U\u017cytkownicy Serwisu mog\u0105 dokona\u0107 zmiany ustawie\u0144 w tym zakresie. Przegl\u0105darka internetowa umo\u017cliwia usuni\u0119cie plik\u00f3w cookies. Mo\u017cliwe jest tak\u017ce automatyczne blokowanie plik\u00f3w cookies Szczeg\u00f3\u0142owe informacje na ten temat zawiera pomoc lub dokumentacja przegl\u0105darki internetowej.<\/li>\r\n<li>Ograniczenia stosowania plik\u00f3w cookies mog\u0105 wp\u0142yn\u0105\u0107 na niekt\u00f3re funkcjonalno\u015bci dost\u0119pne na stronach internetowych Serwisu.<\/li>\r\n<li>Pliki cookies zamieszczane w urz\u0105dzeniu ko\u0144cowym U\u017cytkownika Serwisu wykorzystywane mog\u0105 by\u0107 r\u00f3wnie\u017c przez wsp\u00f3\u0142pracuj\u0105ce z operatorem Serwisu podmioty, w szczeg\u00f3lno\u015bci dotyczy to firm: Google (Google Inc. z siedzib\u0105 w USA), Facebook (Facebook Inc. z siedzib\u0105 w USA), Twitter (Twitter Inc. z siedzib\u0105 w USA).<\/li>\r\n<\/ol>\r\n<h3 class=\"wp-block-heading\">7. ZARZ\u0104DZANIE PLIKAMI COOKIES \u2013 JAK WYRA\u017bA\u0106 I COFA\u0106 ZGOD\u0118?<\/h3>\r\n<ol>\r\n<li>W rezultacie kiedy u\u017cytkownik nie chce otrzymywa\u0107 plik\u00f3w cookies, mo\u017ce zmieni\u0107 ustawienia przegl\u0105darki. Zastrzegamy, \u017ce wy\u0142\u0105czenie obs\u0142ugi plik\u00f3w cookies niezb\u0119dnych dla proces\u00f3w uwierzytelniania, bezpiecze\u0144stwa oraz trzymania preferencji u\u017cytkownika mo\u017ce utrudni\u0107, a w skrajnych przypadkach mo\u017ce uniemo\u017cliwi\u0107 korzystanie ze stron www.<\/li>\r\n<li>W celu zarz\u0105dzania ustawienia cookies wybierz z listy poni\u017cej przegl\u0105dark\u0119 internetow\u0105, kt\u00f3rej u\u017cywasz i post\u0119puj zgodnie z instrukcjami:\r\n<ul>\r\n<li><a href=\"https:\/\/support.microsoft.com\/pl-pl\/help\/10607\/microsoft-edge-view-delete-browser-history\">Edge<\/a><\/li>\r\n<li><a href=\"https:\/\/support.microsoft.com\/pl-pl\/help\/278835\/how-to-delete-cookie-files-in-internet-explorer\">Internet Explorer<\/a><\/li>\r\n<li><a href=\"http:\/\/support.google.com\/chrome\/bin\/answer.py?hl=pl&amp;answer=95647\">Chrome<\/a><\/li>\r\n<li><a href=\"http:\/\/support.apple.com\/kb\/PH5042\">Safari<\/a><\/li>\r\n<li><a href=\"http:\/\/support.mozilla.org\/pl\/kb\/W%C5%82%C4%85czanie%20i%20wy%C5%82%C4%85czanie%20obs%C5%82ugi%20ciasteczek\">Firefox<\/a><\/li>\r\n<li><a href=\"http:\/\/help.opera.com\/Windows\/12.10\/pl\/cookies.html\">Opera<\/a><\/li>\r\n<\/ul>\r\n<p>Urz\u0105dzenia mobilne:<\/p>\r\n<ul>\r\n<li><a href=\"http:\/\/support.google.com\/chrome\/bin\/answer.py?hl=pl&amp;answer=95647\">Android<\/a><\/li>\r\n<li><a href=\"http:\/\/support.apple.com\/kb\/HT1677?viewlocale=pl_PL\">Safari (iOS)<\/a><\/li>\r\n<li><a href=\"http:\/\/www.windowsphone.com\/pl-pl\/how-to\/wp7\/web\/changing-privacy-and-other-browser-settings\">Windows Phone<\/a><\/li>\r\n<\/ul>\r\n<\/li>\r\n<\/ol>\r\n<p>[\/vc_column_text][\/vc_column][\/vc_row]<\/p><\/div>","protected":false},"excerpt":{"rendered":"<p>[vc_row css=&#8221;.vc_custom_1550212476104{margin-bottom: 0px !important;padding-top: 80px !important;padding-bottom: 80px !important;}&#8221;][vc_column][vc_column_text] 1. ADMINISTRATOR DANYCH OSOBOWYCH Administratorem danych osobowych w rozumieniu art. 4 pkt 7 rozporz\u0105dzenia Parlamentu Europejskiego i Rady (UE) 2016\/679 z dn. 27.04.2016 r. w sprawie ochrony os\u00f3b fizycznych w zwi\u0105zku z przetwarzaniem danych osobowych i w sprawie swobodnego przep\u0142ywu takich danych oraz uchylenia dyrektywy 95\/46\/WE (RODO)&#8230;<a class=\"r_more_blog\" href=\"https:\/\/ndsit.pl\/borekkids.ndsit.pl\/privacy-policy\/#more-3\"> continue reading<\/a><\/p>\n","protected":false},"author":1,"featured_media":0,"parent":0,"menu_order":0,"comment_status":"closed","ping_status":"closed","template":"","meta":{"footnotes":""},"class_list":["post-3","page","type-page","status-publish","hentry"],"_links":{"self":[{"href":"https:\/\/ndsit.pl\/borekkids.ndsit.pl\/wp-json\/wp\/v2\/pages\/3","targetHints":{"allow":["GET"]}}],"collection":[{"href":"https:\/\/ndsit.pl\/borekkids.ndsit.pl\/wp-json\/wp\/v2\/pages"}],"about":[{"href":"https:\/\/ndsit.pl\/borekkids.ndsit.pl\/wp-json\/wp\/v2\/types\/page"}],"author":[{"embeddable":true,"href":"https:\/\/ndsit.pl\/borekkids.ndsit.pl\/wp-json\/wp\/v2\/users\/1"}],"replies":[{"embeddable":true,"href":"https:\/\/ndsit.pl\/borekkids.ndsit.pl\/wp-json\/wp\/v2\/comments?post=3"}],"version-history":[{"count":4,"href":"https:\/\/ndsit.pl\/borekkids.ndsit.pl\/wp-json\/wp\/v2\/pages\/3\/revisions"}],"predecessor-version":[{"id":33116,"href":"https:\/\/ndsit.pl\/borekkids.ndsit.pl\/wp-json\/wp\/v2\/pages\/3\/revisions\/33116"}],"wp:attachment":[{"href":"https:\/\/ndsit.pl\/borekkids.ndsit.pl\/wp-json\/wp\/v2\/media?parent=3"}],"curies":[{"name":"wp","href":"https:\/\/api.w.org\/{rel}","templated":true}]}}