{"id":2183,"date":"2019-02-07T07:59:35","date_gmt":"2019-02-07T07:59:35","guid":{"rendered":"http:\/\/babystreet.althemist.com\/?page_id=2183"},"modified":"2024-04-23T08:08:34","modified_gmt":"2024-04-23T06:08:34","slug":"contacts","status":"publish","type":"page","link":"https:\/\/ndsit.pl\/borekkids.ndsit.pl\/contacts\/","title":{"rendered":"Kontakt"},"content":{"rendered":"<div class=\"wpb-content-wrapper\"><p>[vc_row css=&#8221;.vc_custom_1549635049059{margin-bottom: 0px !important;padding-top: 80px !important;padding-bottom: 80px !important;}&#8221;][vc_column width=&#8221;1\/6&#8243;][\/vc_column][vc_column width=&#8221;2\/3&#8243;][vc_column_text]<\/p>\n<h2 style=\"text-align: center;\">Masz jakie\u015b pytania?<\/h2>\n<p>[\/vc_column_text][vc_column_text]<\/p>\n<h6 style=\"text-align: center;\">Albo po prostu chcesz si\u0119 przywita\u0107. Ch\u0119tnie Ci\u0119 poznamy. Opowiedz nam troch\u0119 o sobie i o tym, jak mo\u017cemy pom\u00f3c. Uzyskaj odpowiedzi na wszystkie pytania dotycz\u0105ce naszego serwisu online tutaj od poniedzia\u0142ku do pi\u0105tku w godzinach 9:00\u201317:00<\/h6>\n<p>[\/vc_column_text][\/vc_column][vc_column width=&#8221;1\/6&#8243;][\/vc_column][\/vc_row][vc_row gap=&#8221;35&#8243; css=&#8221;.vc_custom_1549635293233{padding-bottom: 80px !important;}&#8221;][vc_column width=&#8221;1\/2&#8243;][vc_column_text css=&#8221;.vc_custom_1712782791507{margin-bottom: 10px !important;}&#8221;]<\/p>\n<h6>Napisz do nas<\/h6>\n<p>[\/vc_column_text][vc_separator style=&#8221;dashed&#8221; border_width=&#8221;2&#8243;]        <div id=\"holder_babystreet_contactform6a08ff80b9cba\" class=\"babystreet-contacts-holder babystreet-contacts-shortcode\" >\n                        <form action=\"https:\/\/ndsit.pl\/borekkids.ndsit.pl\/wp-admin\/admin-ajax.php\" method=\"post\" class=\"contact-form\">\n\t\t\t<div class=\"content babystreet_name\"> <span>Your Name:<\/span>\n\t\t\t<input type=\"text\" value=\"\" name=\"babystreet_name\" \/>\n\t\t\t\t\t<\/div>\n\n\t\t\t\t<div class=\"content babystreet_email\"> <span>E-Mail Address:<\/span>\n\t\t\t<input type=\"text\" value=\"\" name=\"babystreet_email\" \/>\n\t\t\t\t\t<\/div>\n\t\t\t\t<div class=\"content babystreet_phone\"> <span>Phone:<\/span>\n\t\t\t<input type=\"text\" value=\"\" name=\"babystreet_phone\" \/>\n\t\t\t\t\t<\/div>\n\t\t\t\t<div class=\"content babystreet_address\"> <span>Street Address:<\/span>\n\t\t\t<input type=\"text\" value=\"\" name=\"babystreet_address\" \/>\n\t\t\t\t\t<\/div>\n\t\t\t<div class=\"content babystreet_enquiry\"> <span>Message Text:<\/span>\n\t\t<textarea style=\"width: 99%;\" rows=\"10\" cols=\"40\" name=\"babystreet_enquiry\"><\/textarea>\n\t\t\t<\/div>\n\t\t\t\t\t<div class=\"content babystreet_form_test\">\n\t\t\tProve you&#039;re a human: <span class=constant>1<\/span> + <span class=random>3<\/span> = ? <input type=\"text\" value=\"\" name=\"babystreet_captcha_answer\" \/>\n\t\t<\/div>\n\t\t\t\t\t<div class=\"buttons\">\n\t\t<input type=\"hidden\" name=\"babystreet_contact_submitted\" value=\"3\">\n\t\t<input type=\"hidden\" name=\"shortcode_params_for_tpl\" value=\"{&quot;babystreet_title&quot;:&quot;&quot;,&quot;babystreet_contact_mail_to&quot;:&quot;&quot;,&quot;babystreet_simple_captcha&quot;:&quot;1&quot;,&quot;babystreet_contact_form_fields&quot;:&quot;name,email,phone,address&quot;}\">\n\t\t<div class=\"left\"><input class=\"button button-orange\" value=\"Send message\" type=\"submit\"><\/div>\n\t<\/div>\n<\/form>\n        <\/div>\n        [\/vc_column][vc_column width=&#8221;1\/2&#8243;][vc_column_text css=&#8221;.vc_custom_1712782806789{margin-bottom: 10px !important;}&#8221;]<\/p>\n<h6>Dane kontaktowe<\/h6>\n<p>[\/vc_column_text][vc_separator style=&#8221;dashed&#8221; border_width=&#8221;2&#8243;][vc_row_inner css=&#8221;.vc_custom_1552041527835{margin-right: 0px !important;margin-bottom: 38px !important;margin-left: 0px !important;border-top-width: 2px !important;border-right-width: 2px !important;border-bottom-width: 2px !important;border-left-width: 2px !important;padding-top: 38px !important;padding-right: 20px !important;padding-bottom: 38px !important;padding-left: 20px !important;border-left-color: #f1f1f1 !important;border-left-style: dashed !important;border-right-color: #f1f1f1 !important;border-right-style: dashed !important;border-top-color: #f1f1f1 !important;border-top-style: dashed !important;border-bottom-color: #f1f1f1 !important;border-bottom-style: dashed !important;}&#8221;][vc_column_inner css=&#8221;.vc_custom_1549635609989{padding-top: 0px !important;}&#8221;][vc_column_text css=&#8221;.vc_custom_1712782884187{margin-bottom: 10px !important;}&#8221;]<\/p>\n<h6><span style=\"color: #333333;\">Borek Kids &#8211; sklep z odzie\u017c\u0105 dzieci\u0119c\u0105 Ewelina Borkowska<\/span><\/h6>\n<p>[\/vc_column_text][vc_column_text css=&#8221;.vc_custom_1713852511706{margin-bottom: 0px !important;}&#8221;]W\u0142adys\u0142awowo 31B,<br \/>\n89-210 \u0141abiszyn<br \/>\ntel: +48 721 162 821<br \/>\nemail: sklep.borekkids@gmail.com[\/vc_column_text][\/vc_column_inner][\/vc_row_inner][vc_row_inner css=&#8221;.vc_custom_1552041534381{margin-right: 0px !important;margin-bottom: 38px !important;margin-left: 0px !important;border-top-width: 2px !important;border-right-width: 2px !important;border-bottom-width: 2px !important;border-left-width: 2px !important;padding-top: 38px !important;padding-right: 20px !important;padding-bottom: 40px !important;padding-left: 20px !important;background-color: #fafafa !important;border-left-color: #f1f1f1 !important;border-left-style: dashed !important;border-right-color: #f1f1f1 !important;border-right-style: dashed !important;border-top-color: #f1f1f1 !important;border-top-style: dashed !important;border-bottom-color: #f1f1f1 !important;border-bottom-style: dashed !important;border-radius: 4px !important;}&#8221;][vc_column_inner css=&#8221;.vc_custom_1549635615912{padding-top: 0px !important;}&#8221;][vc_column_text css=&#8221;.vc_custom_1712783870093{margin-bottom: 10px !important;}&#8221;]<\/p>\n<h6><span style=\"color: #333333;\">Hurtownia?<\/span><\/h6>\n<p>[\/vc_column_text][vc_column_text css=&#8221;.vc_custom_1712783531480{margin-bottom: 0px !important;}&#8221;]Je\u015bli jeste\u015b klientem hurtowym, skontaktuj si\u0119 z nami na adres email: hurt@borekkids.pl[\/vc_column_text][\/vc_column_inner][\/vc_row_inner][vc_row_inner css=&#8221;.vc_custom_1549696277905{margin-right: 0px !important;margin-bottom: 35px !important;margin-left: 0px !important;border-top-width: 2px !important;border-right-width: 2px !important;border-bottom-width: 2px !important;border-left-width: 2px !important;padding-top: 38px !important;padding-right: 20px !important;padding-bottom: 40px !important;padding-left: 20px !important;background-color: #81d1e5 !important;border-left-color: #72bdd0 !important;border-left-style: dashed !important;border-right-color: #72bdd0 !important;border-right-style: dashed !important;border-top-color: #72bdd0 !important;border-top-style: dashed !important;border-bottom-color: #72bdd0 !important;border-bottom-style: dashed !important;border-radius: 4px !important;}&#8221;][vc_column_inner css=&#8221;.vc_custom_1549635615912{padding-top: 0px !important;}&#8221;][vc_column_text css=&#8221;.vc_custom_1712783796425{margin-bottom: 10px !important;}&#8221;]<\/p>\n<h6><span style=\"color: #ffffff;\">Ambasador Program<\/span><\/h6>\n<p>[\/vc_column_text][vc_column_text css=&#8221;.vc_custom_1712783771894{margin-bottom: 0px !important;}&#8221;]<span style=\"color: #fff;\">Czy jeste\u015b \u201eMamusi\u0105 Blogerk\u0105 czy influencerk\u0105 spo\u0142eczn\u0105?\u201d Czy tak samo jak my kochasz stylowe ubrania dla dzieci? Poszukujemy blogerek lub modnych mam, kt\u00f3re chcia\u0142yby podzieli\u0107 si\u0119 swoim stylem z naszymi pasuj\u0105cymi produktami. Aby uzyska\u0107 wi\u0119cej informacji, skontaktuj si\u0119 z nami tutaj.<\/span>[\/vc_column_text][\/vc_column_inner][\/vc_row_inner][\/vc_column][\/vc_row]<\/p>\n<\/div>","protected":false},"excerpt":{"rendered":"<p>[vc_row css=&#8221;.vc_custom_1549635049059{margin-bottom: 0px !important;padding-top: 80px !important;padding-bottom: 80px !important;}&#8221;][vc_column width=&#8221;1\/6&#8243;][\/vc_column][vc_column width=&#8221;2\/3&#8243;][vc_column_text] Masz jakie\u015b pytania? [\/vc_column_text][vc_column_text] Albo po prostu chcesz si\u0119 przywita\u0107. Ch\u0119tnie Ci\u0119 poznamy. Opowiedz nam troch\u0119 o sobie i o tym, jak mo\u017cemy pom\u00f3c. Uzyskaj odpowiedzi na wszystkie pytania dotycz\u0105ce naszego serwisu online tutaj od poniedzia\u0142ku do pi\u0105tku w godzinach 9:00\u201317:00 [\/vc_column_text][\/vc_column][vc_column width=&#8221;1\/6&#8243;][\/vc_column][\/vc_row][vc_row gap=&#8221;35&#8243; css=&#8221;.vc_custom_1549635293233{padding-bottom:&#8230;<a class=\"r_more_blog\" href=\"https:\/\/ndsit.pl\/borekkids.ndsit.pl\/contacts\/#more-2183\"> continue reading<\/a><\/p>\n","protected":false},"author":1,"featured_media":0,"parent":0,"menu_order":0,"comment_status":"closed","ping_status":"closed","template":"","meta":{"footnotes":""},"class_list":["post-2183","page","type-page","status-publish","hentry"],"_links":{"self":[{"href":"https:\/\/ndsit.pl\/borekkids.ndsit.pl\/wp-json\/wp\/v2\/pages\/2183","targetHints":{"allow":["GET"]}}],"collection":[{"href":"https:\/\/ndsit.pl\/borekkids.ndsit.pl\/wp-json\/wp\/v2\/pages"}],"about":[{"href":"https:\/\/ndsit.pl\/borekkids.ndsit.pl\/wp-json\/wp\/v2\/types\/page"}],"author":[{"embeddable":true,"href":"https:\/\/ndsit.pl\/borekkids.ndsit.pl\/wp-json\/wp\/v2\/users\/1"}],"replies":[{"embeddable":true,"href":"https:\/\/ndsit.pl\/borekkids.ndsit.pl\/wp-json\/wp\/v2\/comments?post=2183"}],"version-history":[{"count":8,"href":"https:\/\/ndsit.pl\/borekkids.ndsit.pl\/wp-json\/wp\/v2\/pages\/2183\/revisions"}],"predecessor-version":[{"id":33401,"href":"https:\/\/ndsit.pl\/borekkids.ndsit.pl\/wp-json\/wp\/v2\/pages\/2183\/revisions\/33401"}],"wp:attachment":[{"href":"https:\/\/ndsit.pl\/borekkids.ndsit.pl\/wp-json\/wp\/v2\/media?parent=2183"}],"curies":[{"name":"wp","href":"https:\/\/api.w.org\/{rel}","templated":true}]}}